{"id":17614,"date":"2023-05-17T21:15:29","date_gmt":"2023-05-17T21:15:29","guid":{"rendered":"https:\/\/cmus.cl\/collaborative-projects\/"},"modified":"2025-09-22T20:00:27","modified_gmt":"2025-09-22T20:00:27","slug":"collaborative-projects","status":"publish","type":"page","link":"https:\/\/cmus.cl\/en\/repository\/collaborative-projects\/","title":{"rendered":"School of Listening"},"content":{"rendered":"<section class=\"wpb-content-wrapper\"><p>[vc_row][vc_column]<div class=\"fl-custom--title text-left title_style_one\" ><div class=\"fl-title-vc h2 fl-main-cl\" ><\/p>\n<h1>LA ESCUELA DE LA ESCUCHA<\/h1>\n<p><\/div><\/div>[vc_video link=&#8221;https:\/\/youtu.be\/gXmi477tnsE?si=xX35fs7ZC6DmffIO&#8221;]<div class=\"fl_custom_text__block\"  ><p><strong>The School of Listening<\/strong> is an initiative promoted by the <strong>Millennium Nucleus in Musical and Sound Cultures<\/strong> that seeks to develop methodologies for the dissemination and transfer of social research based on sound, music, and listening. This program is aimed at educational communities located in three macro-regions of the country: north (Arica), center (Santiago and Valpara\u00edso) and south (Araucan\u00eda).<\/p>\n<p>The project consists of an initial phase of workshops aimed at secondary school students from first to fourth year, focusing on three thematic areas: <strong>Environment and Territory, Migration and Citizenship, and Culture and Gender Relations<\/strong>.<\/p>\n<p>The School of Listening hopes that these workshops will not only develop critical listening skills in students, but also foster a greater connection with their social and natural environment.<\/p>\n<p>This educational initiative has been running its pilot program during the first half of 2024, through six workshops implemented in four regions of the country. Each workshop explores different aural experiences, such as listening, sound memory, sonic futures, and the communication of these recordings. <\/p>\n<p>In Arica, the workshop was held at the Antonio Varas High School in La Barra B4; in the Metropolitan Region, at the Pablo Neruda Bicentennial High School in Lo Prado and at the O&#8217;Higgins School in Melipilla; in the Valpara\u00edso Region, at the Maitencillo School and the Andr\u00e9s Bello Industrial School in Quilpu\u00e9; and in Temuco, at the Gracia y Paz School.<\/p>\n<p>This methodology seeks to be adaptable for different researchers and educational purposes, exploring the possibilities of sound and collective listening for social research and community reflection. Therefore, we have provided the teaching materials here so they can be downloaded and used by the entire community.<br \/>\nYou can download them at the following links:<\/p>\n<h1><strong>Teaching materials<\/strong><\/h1>\n<p><a href=\"https:\/\/drive.google.com\/file\/d\/1MV0Z20eAADxt1FxaZ37c26RJwwlonoWU\/view?usp=drive_link%20_blank\"><img loading=\"lazy\" decoding=\"async\" class=\"alignnone size-medium wp-image-18092\" src=\"https:\/\/cmus.cl\/wp-content\/uploads\/2024\/11\/Captura-de-pantalla-2024-11-28-a-las-15.44.15-300x211.png\" alt=\"\" width=\"300\" height=\"211\" srcset=\"https:\/\/cmus.cl\/wp-content\/uploads\/2024\/11\/Captura-de-pantalla-2024-11-28-a-las-15.44.15-300x211.png 300w, https:\/\/cmus.cl\/wp-content\/uploads\/2024\/11\/Captura-de-pantalla-2024-11-28-a-las-15.44.15-768x541.png 768w, https:\/\/cmus.cl\/wp-content\/uploads\/2024\/11\/Captura-de-pantalla-2024-11-28-a-las-15.44.15-500x352.png 500w, https:\/\/cmus.cl\/wp-content\/uploads\/2024\/11\/Captura-de-pantalla-2024-11-28-a-las-15.44.15-800x563.png 800w, https:\/\/cmus.cl\/wp-content\/uploads\/2024\/11\/Captura-de-pantalla-2024-11-28-a-las-15.44.15.png 1006w\" sizes=\"auto, (max-width: 300px) 100vw, 300px\" \/><\/a>                                                <a href=\"https:\/\/drive.google.com\/file\/d\/1oJYy8WsCMUQNupdjIVq_fdKyCbrdCWLV\/view?usp=sharing%20_blank\"><img loading=\"lazy\" decoding=\"async\" class=\"alignnone size-medium wp-image-18069\" src=\"https:\/\/cmus.cl\/wp-content\/uploads\/2024\/11\/Captura-de-pantalla-2024-11-28-a-las-11.51.03-300x227.png\" alt=\"\" width=\"300\" height=\"227\" srcset=\"https:\/\/cmus.cl\/wp-content\/uploads\/2024\/11\/Captura-de-pantalla-2024-11-28-a-las-11.51.03-300x227.png 300w, https:\/\/cmus.cl\/wp-content\/uploads\/2024\/11\/Captura-de-pantalla-2024-11-28-a-las-11.51.03-768x580.png 768w, https:\/\/cmus.cl\/wp-content\/uploads\/2024\/11\/Captura-de-pantalla-2024-11-28-a-las-11.51.03-500x378.png 500w, https:\/\/cmus.cl\/wp-content\/uploads\/2024\/11\/Captura-de-pantalla-2024-11-28-a-las-11.51.03-800x605.png 800w, https:\/\/cmus.cl\/wp-content\/uploads\/2024\/11\/Captura-de-pantalla-2024-11-28-a-las-11.51.03.png 868w\" sizes=\"auto, (max-width: 300px) 100vw, 300px\" \/><\/a><\/p>\n<p>&nbsp;<\/p>\n<h1>Training<\/h1>\n<p>&nbsp;<\/p>\n<p><iframe loading=\"lazy\" title=\"YouTube video player\" src=\"https:\/\/www.youtube.com\/embed\/SNEVGVOiLUM?si=dPqxqIKg11syKbxD\" width=\"560\" height=\"315\" frameborder=\"0\" allowfullscreen=\"allowfullscreen\"><\/iframe><\/p>\n<p>&nbsp;<\/p>\n<p><iframe loading=\"lazy\" title=\"YouTube video player\" src=\"https:\/\/www.youtube.com\/embed\/HJ5r5IjKWps?si=CYOZZjhlI9t7avva\" width=\"560\" height=\"315\" frameborder=\"0\" allowfullscreen=\"allowfullscreen\"><\/iframe><\/p>\n<\/div>[\/vc_column][\/vc_row][vc_row][vc_column]<div class=\"fl-custom--title text-left title_style_one\" ><div class=\"fl-title-vc h2 fl-main-cl\" ><\/p>\n<h1>LA ESCUELA DE LA ESCUCHA 2025<\/h1>\n<h2>M\u00fasica de tradici\u00f3n escrita<\/h2>\n<p><\/div><\/div><div class=\"fl_custom_text__block\"  ><p><strong>The School of Listening<\/strong> is an experimental pedagogical initiative of the <strong>Millennium Nucleus in Musical and Sound Cultures<\/strong> that seeks to produce and transfer social research methodologies based on music, sound, and listening to educational communities. It is a methodology adaptable to different researchers and educational purposes, exploring the possibilities of the acoustic dimension for social research and community reflection. <\/p>\n<p><strong>\u00bfC\u00f3mo se origina la \u201cEscuela de la Escucha: m\u00fasica de tradici\u00f3n escrita\u201d?<\/strong><br \/>\nThis initiative compiles and amplifies the lessons learned throughout two implementation cycles of The School of Listening (2023-24 and 2024-25) to bring them to a more specific field: musical listening to pieces from the written tradition. This concern arises from a shared interest between the Millennium Nucleus in Musical and Sound Cultures (CMUS) and the Cultural Corporation of the University of Santiago de Chile in generating musical mediation strategies aimed at school teachers, allowing them to approach so-called &#8220;classical music&#8221; with technical, accessible, and playful resources. Given the diversity of artistic mediation initiatives inspired by and informed by contemporary visual arts, we identify a relative gap in the field of musical arts mediation, especially with regard to classical music or written tradition. This teaching manual seeks to strengthen pedagogical tools to introduce students to music, understanding it as a comprehensive practice that engages the senses, social reflection, and creative participation.   <\/p>\n<p><img loading=\"lazy\" decoding=\"async\" class=\"size-medium wp-image-19320 alignleft\" src=\"https:\/\/cmus.cl\/wp-content\/uploads\/2025\/09\/escuela-de-la-escucha.-portada-cuaderno-docente-2025-231x300.png\" alt=\"\" width=\"231\" height=\"300\" srcset=\"https:\/\/cmus.cl\/wp-content\/uploads\/2025\/09\/escuela-de-la-escucha.-portada-cuaderno-docente-2025-231x300.png 231w, https:\/\/cmus.cl\/wp-content\/uploads\/2025\/09\/escuela-de-la-escucha.-portada-cuaderno-docente-2025.png 506w\" sizes=\"auto, (max-width: 231px) 100vw, 231px\" \/>This teaching manual, focused on traditional written music, seeks to offer pedagogical resources for musical mediation through activities that foster sensitive experimentation, cultural and identity reflection, and collaborative creation among students. Although it was designed as educational material to accompany the 2025 season of Educational Concerts organized by the Department of Outreach and the Cultural Corporation of the University of Santiago de Chile, it can be used independently in various pedagogical contexts. <\/p>\n<p>&nbsp;<\/p>\n<p>Dowload it here:<\/p>\n<p><a href=\"https:\/\/cmus.cl\/wp-content\/uploads\/2025\/09\/laescueladelaescucha_2025.pdf\">THE SCHOOL OF LISTENING TEACHING MANUAL<\/a><\/p>\n<\/div>[\/vc_column][\/vc_row][vc_row][vc_column]<div class=\"fl_custom_text__block\"  ><\/div>[\/vc_column][\/vc_row]<\/p>\n<\/section>","protected":false},"excerpt":{"rendered":"<p>[vc_row][vc_column][vc_video link=&#8221;https:\/\/youtu.be\/gXmi477tnsE?si=xX35fs7ZC6DmffIO&#8221;][\/vc_column][\/vc_row][vc_row][vc_column][\/vc_column][\/vc_row][vc_row][vc_column][\/vc_column][\/vc_row]<\/p>\n","protected":false},"author":1,"featured_media":0,"parent":17618,"menu_order":0,"comment_status":"closed","ping_status":"closed","template":"","meta":{"footnotes":""},"class_list":["post-17614","page","type-page","status-publish","hentry"],"acf":[],"yoast_head":"<!-- This site is optimized with the Yoast SEO plugin v25.5 - https:\/\/yoast.com\/wordpress\/plugins\/seo\/ -->\n<title>School of Listening - Cmus<\/title>\n<meta name=\"robots\" content=\"index, follow, max-snippet:-1, max-image-preview:large, max-video-preview:-1\" \/>\n<link rel=\"canonical\" href=\"https:\/\/cmus.cl\/en\/repository\/collaborative-projects\/\" \/>\n<meta property=\"og:locale\" content=\"en_US\" \/>\n<meta property=\"og:type\" content=\"article\" \/>\n<meta property=\"og:title\" content=\"School of Listening - Cmus\" \/>\n<meta property=\"og:description\" content=\"[vc_row][vc_column][vc_video link=&#8221;https:\/\/youtu.be\/gXmi477tnsE?si=xX35fs7ZC6DmffIO&#8221;][\/vc_column][\/vc_row][vc_row][vc_column][\/vc_column][\/vc_row][vc_row][vc_column][\/vc_column][\/vc_row]\" \/>\n<meta property=\"og:url\" content=\"https:\/\/cmus.cl\/en\/repository\/collaborative-projects\/\" \/>\n<meta property=\"og:site_name\" content=\"Cmus\" \/>\n<meta property=\"article:modified_time\" content=\"2025-09-22T20:00:27+00:00\" \/>\n<meta property=\"og:image\" content=\"https:\/\/cmus.cl\/wp-content\/uploads\/2024\/11\/Captura-de-pantalla-2024-11-28-a-las-15.44.15.png\" \/>\n\t<meta property=\"og:image:width\" content=\"1006\" \/>\n\t<meta property=\"og:image:height\" content=\"708\" \/>\n\t<meta property=\"og:image:type\" content=\"image\/png\" \/>\n<meta name=\"twitter:card\" content=\"summary_large_image\" \/>\n<meta name=\"twitter:label1\" content=\"Est. reading time\" \/>\n\t<meta name=\"twitter:data1\" content=\"3 minutes\" \/>\n<script type=\"application\/ld+json\" class=\"yoast-schema-graph\">{\"@context\":\"https:\/\/schema.org\",\"@graph\":[{\"@type\":\"WebPage\",\"@id\":\"https:\/\/cmus.cl\/en\/repository\/collaborative-projects\/\",\"url\":\"https:\/\/cmus.cl\/en\/repository\/collaborative-projects\/\",\"name\":\"School of Listening - Cmus\",\"isPartOf\":{\"@id\":\"https:\/\/cmus.cl\/#website\"},\"primaryImageOfPage\":{\"@id\":\"https:\/\/cmus.cl\/en\/repository\/collaborative-projects\/#primaryimage\"},\"image\":{\"@id\":\"https:\/\/cmus.cl\/en\/repository\/collaborative-projects\/#primaryimage\"},\"thumbnailUrl\":\"https:\/\/cmus.cl\/wp-content\/uploads\/2024\/11\/Captura-de-pantalla-2024-11-28-a-las-15.44.15-300x211.png\",\"datePublished\":\"2023-05-17T21:15:29+00:00\",\"dateModified\":\"2025-09-22T20:00:27+00:00\",\"breadcrumb\":{\"@id\":\"https:\/\/cmus.cl\/en\/repository\/collaborative-projects\/#breadcrumb\"},\"inLanguage\":\"en-US\",\"potentialAction\":[{\"@type\":\"ReadAction\",\"target\":[\"https:\/\/cmus.cl\/en\/repository\/collaborative-projects\/\"]}]},{\"@type\":\"ImageObject\",\"inLanguage\":\"en-US\",\"@id\":\"https:\/\/cmus.cl\/en\/repository\/collaborative-projects\/#primaryimage\",\"url\":\"https:\/\/cmus.cl\/wp-content\/uploads\/2024\/11\/Captura-de-pantalla-2024-11-28-a-las-15.44.15-300x211.png\",\"contentUrl\":\"https:\/\/cmus.cl\/wp-content\/uploads\/2024\/11\/Captura-de-pantalla-2024-11-28-a-las-15.44.15-300x211.png\"},{\"@type\":\"BreadcrumbList\",\"@id\":\"https:\/\/cmus.cl\/en\/repository\/collaborative-projects\/#breadcrumb\",\"itemListElement\":[{\"@type\":\"ListItem\",\"position\":1,\"name\":\"Portada\",\"item\":\"https:\/\/cmus.cl\/en\/\"},{\"@type\":\"ListItem\",\"position\":2,\"name\":\"repository\",\"item\":\"https:\/\/cmus.cl\/en\/repository\/\"},{\"@type\":\"ListItem\",\"position\":3,\"name\":\"School of Listening\"}]},{\"@type\":\"WebSite\",\"@id\":\"https:\/\/cmus.cl\/#website\",\"url\":\"https:\/\/cmus.cl\/\",\"name\":\"Cmus\",\"description\":\"My WordPress Blog\",\"potentialAction\":[{\"@type\":\"SearchAction\",\"target\":{\"@type\":\"EntryPoint\",\"urlTemplate\":\"https:\/\/cmus.cl\/?s={search_term_string}\"},\"query-input\":{\"@type\":\"PropertyValueSpecification\",\"valueRequired\":true,\"valueName\":\"search_term_string\"}}],\"inLanguage\":\"en-US\"}]}<\/script>\n<!-- \/ Yoast SEO plugin. -->","yoast_head_json":{"title":"School of Listening - Cmus","robots":{"index":"index","follow":"follow","max-snippet":"max-snippet:-1","max-image-preview":"max-image-preview:large","max-video-preview":"max-video-preview:-1"},"canonical":"https:\/\/cmus.cl\/en\/repository\/collaborative-projects\/","og_locale":"en_US","og_type":"article","og_title":"School of Listening - Cmus","og_description":"[vc_row][vc_column][vc_video link=&#8221;https:\/\/youtu.be\/gXmi477tnsE?si=xX35fs7ZC6DmffIO&#8221;][\/vc_column][\/vc_row][vc_row][vc_column][\/vc_column][\/vc_row][vc_row][vc_column][\/vc_column][\/vc_row]","og_url":"https:\/\/cmus.cl\/en\/repository\/collaborative-projects\/","og_site_name":"Cmus","article_modified_time":"2025-09-22T20:00:27+00:00","og_image":[{"width":1006,"height":708,"url":"https:\/\/cmus.cl\/wp-content\/uploads\/2024\/11\/Captura-de-pantalla-2024-11-28-a-las-15.44.15.png","type":"image\/png"}],"twitter_card":"summary_large_image","twitter_misc":{"Est. reading time":"3 minutes"},"schema":{"@context":"https:\/\/schema.org","@graph":[{"@type":"WebPage","@id":"https:\/\/cmus.cl\/en\/repository\/collaborative-projects\/","url":"https:\/\/cmus.cl\/en\/repository\/collaborative-projects\/","name":"School of Listening - Cmus","isPartOf":{"@id":"https:\/\/cmus.cl\/#website"},"primaryImageOfPage":{"@id":"https:\/\/cmus.cl\/en\/repository\/collaborative-projects\/#primaryimage"},"image":{"@id":"https:\/\/cmus.cl\/en\/repository\/collaborative-projects\/#primaryimage"},"thumbnailUrl":"https:\/\/cmus.cl\/wp-content\/uploads\/2024\/11\/Captura-de-pantalla-2024-11-28-a-las-15.44.15-300x211.png","datePublished":"2023-05-17T21:15:29+00:00","dateModified":"2025-09-22T20:00:27+00:00","breadcrumb":{"@id":"https:\/\/cmus.cl\/en\/repository\/collaborative-projects\/#breadcrumb"},"inLanguage":"en-US","potentialAction":[{"@type":"ReadAction","target":["https:\/\/cmus.cl\/en\/repository\/collaborative-projects\/"]}]},{"@type":"ImageObject","inLanguage":"en-US","@id":"https:\/\/cmus.cl\/en\/repository\/collaborative-projects\/#primaryimage","url":"https:\/\/cmus.cl\/wp-content\/uploads\/2024\/11\/Captura-de-pantalla-2024-11-28-a-las-15.44.15-300x211.png","contentUrl":"https:\/\/cmus.cl\/wp-content\/uploads\/2024\/11\/Captura-de-pantalla-2024-11-28-a-las-15.44.15-300x211.png"},{"@type":"BreadcrumbList","@id":"https:\/\/cmus.cl\/en\/repository\/collaborative-projects\/#breadcrumb","itemListElement":[{"@type":"ListItem","position":1,"name":"Portada","item":"https:\/\/cmus.cl\/en\/"},{"@type":"ListItem","position":2,"name":"repository","item":"https:\/\/cmus.cl\/en\/repository\/"},{"@type":"ListItem","position":3,"name":"School of Listening"}]},{"@type":"WebSite","@id":"https:\/\/cmus.cl\/#website","url":"https:\/\/cmus.cl\/","name":"Cmus","description":"My WordPress Blog","potentialAction":[{"@type":"SearchAction","target":{"@type":"EntryPoint","urlTemplate":"https:\/\/cmus.cl\/?s={search_term_string}"},"query-input":{"@type":"PropertyValueSpecification","valueRequired":true,"valueName":"search_term_string"}}],"inLanguage":"en-US"}]}},"_links":{"self":[{"href":"https:\/\/cmus.cl\/en\/wp-json\/wp\/v2\/pages\/17614","targetHints":{"allow":["GET"]}}],"collection":[{"href":"https:\/\/cmus.cl\/en\/wp-json\/wp\/v2\/pages"}],"about":[{"href":"https:\/\/cmus.cl\/en\/wp-json\/wp\/v2\/types\/page"}],"author":[{"embeddable":true,"href":"https:\/\/cmus.cl\/en\/wp-json\/wp\/v2\/users\/1"}],"replies":[{"embeddable":true,"href":"https:\/\/cmus.cl\/en\/wp-json\/wp\/v2\/comments?post=17614"}],"version-history":[{"count":8,"href":"https:\/\/cmus.cl\/en\/wp-json\/wp\/v2\/pages\/17614\/revisions"}],"predecessor-version":[{"id":19358,"href":"https:\/\/cmus.cl\/en\/wp-json\/wp\/v2\/pages\/17614\/revisions\/19358"}],"up":[{"embeddable":true,"href":"https:\/\/cmus.cl\/en\/wp-json\/wp\/v2\/pages\/17618"}],"wp:attachment":[{"href":"https:\/\/cmus.cl\/en\/wp-json\/wp\/v2\/media?parent=17614"}],"curies":[{"name":"wp","href":"https:\/\/api.w.org\/{rel}","templated":true}]}}