{"id":20058,"date":"2026-04-14T16:57:42","date_gmt":"2026-04-14T16:57:42","guid":{"rendered":"https:\/\/cmus.cl\/research-areas\/"},"modified":"2026-04-15T22:18:24","modified_gmt":"2026-04-15T22:18:24","slug":"research-areas","status":"publish","type":"page","link":"https:\/\/cmus.cl\/en\/research-areas\/","title":{"rendered":"Research areas"},"content":{"rendered":"<section class=\"wpb-content-wrapper\"><p>[vc_row][vc_column]<div class=\"fl-custom--title text-left title_style_one\" ><div class=\"fl-title-vc h2 fl-main-cl\"  style=\"color:#95ffca!important;\"><\/p>\n<h2><span style=\"color: #91ffca;\">l\u00edneas de investigaci\u00f3n\u00a0\u00a0<\/span><\/h2>\n<p><\/div><\/div><div class=\"fl_custom_text__block\"  ><h5><\/h5>\n<p>&nbsp;<\/p>\n<h5><span style=\"color: #333333;\"><strong>1. Identities, memories and heritage <\/strong><\/span><\/h5>\n<p><span style=\"color: #333333;\"><span style=\"font-weight: 400;\">Music and sound are significant vehicles of culture in which the boundaries of collective belonging are reaffirmed and reimagined daily. <\/span><span style=\"font-weight: 400;\">This line of research aims to identify and highlight the practices of music, sound, and listening (MSSL) that dynamically contribute to the formation of contemporary identities in our territory, observing how they activate processes of collective memory and the preservation of shared cultural elements. Examples include: Indigenous peoples, political memory, musical and sound archives, etc. <\/span><\/span><\/p>\n<p>&nbsp;<\/p>\n<h5><span style=\"color: #333333;\"><strong>2. Innovation, technology and emerging practices<\/strong><\/span><\/h5>\n<p><span style=\"color: #333333;\"><span style=\"font-weight: 400;\">This line of research focuses on the ways in which SMLPs collect, process, and activate transformation processes, with an emphasis on innovation experiences and new technologies. <\/span><span style=\"font-weight: 400;\">We are interested in highlighting emerging practices in which music, sound, and listening play a leading role: new forms of social and labor organization, practices of cultural consumption and reception, and technological devices that transform everyday dynamics. Examples include: music and work, streaming platforms, social networks and cultural collaboration, etc. <\/span><\/span><\/p>\n<p>&nbsp;<\/p>\n<h5><span style=\"color: #333333;\"><strong>3. Social conflict and subjective well-being<\/strong><\/span><\/h5>\n<p><span style=\"color: #333333;\"><span style=\"font-weight: 400;\">The third line seeks to distinguish and analyze the potential of SMLPs to approach both current social conflict hotspots and ways of promoting the subjective well-being of individuals and their communities. <\/span><span style=\"font-weight: 400;\">Este abordaje dual conflicto-bienestar pretende observar los modos en que la m\u00fasica y el sonido pueden ser catalizadores de desacuerdos y disidencias. Tambi\u00e9n busca entender el rol que desempe\u00f1an en la construcci\u00f3n de una convivencia tolerante e inclusiva y facilitar el dise\u00f1o, implementaci\u00f3n y evaluaci\u00f3n de pol\u00edticas p\u00fablicas en el \u00e1mbito cultural. Ejemplos de ello son: m\u00fasica urbana, conflictos aurales, g\u00e9nero y disidencias, etc..  <\/span><\/span><\/p>\n<p>&nbsp;<\/p>\n<\/div>[\/vc_column][\/vc_row][vc_row][vc_column][vc_single_image image=&#8221;16743&#8243; animation=&#8221;none&#8221;][\/vc_column][\/vc_row]<\/p>\n<\/section>","protected":false},"excerpt":{"rendered":"<p>[vc_row][vc_column][\/vc_column][\/vc_row][vc_row][vc_column][vc_single_image image=&#8221;16743&#8243; animation=&#8221;none&#8221;][\/vc_column][\/vc_row]<\/p>\n","protected":false},"author":1,"featured_media":0,"parent":0,"menu_order":0,"comment_status":"closed","ping_status":"closed","template":"","meta":{"footnotes":""},"class_list":["post-20058","page","type-page","status-publish","hentry"],"acf":[],"yoast_head":"<!-- This site is optimized with the Yoast SEO plugin v25.5 - https:\/\/yoast.com\/wordpress\/plugins\/seo\/ -->\n<title>Research areas - Cmus<\/title>\n<meta name=\"robots\" content=\"index, follow, max-snippet:-1, max-image-preview:large, max-video-preview:-1\" \/>\n<link rel=\"canonical\" href=\"https:\/\/cmus.cl\/en\/research-areas\/\" \/>\n<meta property=\"og:locale\" content=\"en_US\" \/>\n<meta property=\"og:type\" content=\"article\" \/>\n<meta property=\"og:title\" content=\"Research areas - Cmus\" \/>\n<meta property=\"og:description\" content=\"[vc_row][vc_column][\/vc_column][\/vc_row][vc_row][vc_column][vc_single_image image=&#8221;16743&#8243; animation=&#8221;none&#8221;][\/vc_column][\/vc_row]\" \/>\n<meta property=\"og:url\" content=\"https:\/\/cmus.cl\/en\/research-areas\/\" \/>\n<meta property=\"og:site_name\" content=\"Cmus\" \/>\n<meta property=\"article:modified_time\" content=\"2026-04-15T22:18:24+00:00\" \/>\n<meta name=\"twitter:card\" content=\"summary_large_image\" \/>\n<meta name=\"twitter:label1\" content=\"Est. reading time\" \/>\n\t<meta name=\"twitter:data1\" content=\"2 minutes\" \/>\n<script type=\"application\/ld+json\" class=\"yoast-schema-graph\">{\"@context\":\"https:\/\/schema.org\",\"@graph\":[{\"@type\":\"WebPage\",\"@id\":\"https:\/\/cmus.cl\/en\/research-areas\/\",\"url\":\"https:\/\/cmus.cl\/en\/research-areas\/\",\"name\":\"Research areas - Cmus\",\"isPartOf\":{\"@id\":\"https:\/\/cmus.cl\/#website\"},\"datePublished\":\"2026-04-14T16:57:42+00:00\",\"dateModified\":\"2026-04-15T22:18:24+00:00\",\"breadcrumb\":{\"@id\":\"https:\/\/cmus.cl\/en\/research-areas\/#breadcrumb\"},\"inLanguage\":\"en-US\",\"potentialAction\":[{\"@type\":\"ReadAction\",\"target\":[\"https:\/\/cmus.cl\/en\/research-areas\/\"]}]},{\"@type\":\"BreadcrumbList\",\"@id\":\"https:\/\/cmus.cl\/en\/research-areas\/#breadcrumb\",\"itemListElement\":[{\"@type\":\"ListItem\",\"position\":1,\"name\":\"Portada\",\"item\":\"https:\/\/cmus.cl\/en\/\"},{\"@type\":\"ListItem\",\"position\":2,\"name\":\"Research areas\"}]},{\"@type\":\"WebSite\",\"@id\":\"https:\/\/cmus.cl\/#website\",\"url\":\"https:\/\/cmus.cl\/\",\"name\":\"Cmus\",\"description\":\"My WordPress Blog\",\"potentialAction\":[{\"@type\":\"SearchAction\",\"target\":{\"@type\":\"EntryPoint\",\"urlTemplate\":\"https:\/\/cmus.cl\/?s={search_term_string}\"},\"query-input\":{\"@type\":\"PropertyValueSpecification\",\"valueRequired\":true,\"valueName\":\"search_term_string\"}}],\"inLanguage\":\"en-US\"}]}<\/script>\n<!-- \/ Yoast SEO plugin. -->","yoast_head_json":{"title":"Research areas - Cmus","robots":{"index":"index","follow":"follow","max-snippet":"max-snippet:-1","max-image-preview":"max-image-preview:large","max-video-preview":"max-video-preview:-1"},"canonical":"https:\/\/cmus.cl\/en\/research-areas\/","og_locale":"en_US","og_type":"article","og_title":"Research areas - Cmus","og_description":"[vc_row][vc_column][\/vc_column][\/vc_row][vc_row][vc_column][vc_single_image image=&#8221;16743&#8243; animation=&#8221;none&#8221;][\/vc_column][\/vc_row]","og_url":"https:\/\/cmus.cl\/en\/research-areas\/","og_site_name":"Cmus","article_modified_time":"2026-04-15T22:18:24+00:00","twitter_card":"summary_large_image","twitter_misc":{"Est. reading time":"2 minutes"},"schema":{"@context":"https:\/\/schema.org","@graph":[{"@type":"WebPage","@id":"https:\/\/cmus.cl\/en\/research-areas\/","url":"https:\/\/cmus.cl\/en\/research-areas\/","name":"Research areas - Cmus","isPartOf":{"@id":"https:\/\/cmus.cl\/#website"},"datePublished":"2026-04-14T16:57:42+00:00","dateModified":"2026-04-15T22:18:24+00:00","breadcrumb":{"@id":"https:\/\/cmus.cl\/en\/research-areas\/#breadcrumb"},"inLanguage":"en-US","potentialAction":[{"@type":"ReadAction","target":["https:\/\/cmus.cl\/en\/research-areas\/"]}]},{"@type":"BreadcrumbList","@id":"https:\/\/cmus.cl\/en\/research-areas\/#breadcrumb","itemListElement":[{"@type":"ListItem","position":1,"name":"Portada","item":"https:\/\/cmus.cl\/en\/"},{"@type":"ListItem","position":2,"name":"Research areas"}]},{"@type":"WebSite","@id":"https:\/\/cmus.cl\/#website","url":"https:\/\/cmus.cl\/","name":"Cmus","description":"My WordPress Blog","potentialAction":[{"@type":"SearchAction","target":{"@type":"EntryPoint","urlTemplate":"https:\/\/cmus.cl\/?s={search_term_string}"},"query-input":{"@type":"PropertyValueSpecification","valueRequired":true,"valueName":"search_term_string"}}],"inLanguage":"en-US"}]}},"_links":{"self":[{"href":"https:\/\/cmus.cl\/en\/wp-json\/wp\/v2\/pages\/20058","targetHints":{"allow":["GET"]}}],"collection":[{"href":"https:\/\/cmus.cl\/en\/wp-json\/wp\/v2\/pages"}],"about":[{"href":"https:\/\/cmus.cl\/en\/wp-json\/wp\/v2\/types\/page"}],"author":[{"embeddable":true,"href":"https:\/\/cmus.cl\/en\/wp-json\/wp\/v2\/users\/1"}],"replies":[{"embeddable":true,"href":"https:\/\/cmus.cl\/en\/wp-json\/wp\/v2\/comments?post=20058"}],"version-history":[{"count":1,"href":"https:\/\/cmus.cl\/en\/wp-json\/wp\/v2\/pages\/20058\/revisions"}],"predecessor-version":[{"id":20059,"href":"https:\/\/cmus.cl\/en\/wp-json\/wp\/v2\/pages\/20058\/revisions\/20059"}],"wp:attachment":[{"href":"https:\/\/cmus.cl\/en\/wp-json\/wp\/v2\/media?parent=20058"}],"curies":[{"name":"wp","href":"https:\/\/api.w.org\/{rel}","templated":true}]}}